{"id":8687,"date":"2015-12-02T11:44:08","date_gmt":"2015-12-02T11:44:08","guid":{"rendered":"http:\/\/joseciria.com\/?page_id=8687"},"modified":"2016-04-04T09:37:43","modified_gmt":"2016-04-04T09:37:43","slug":"mercedes-replinger","status":"publish","type":"page","link":"http:\/\/joseciria.com\/english\/mercedes-replinger\/","title":{"rendered":"Mercedes Replinger. 2005 en"},"content":{"rendered":"<p style=\"text-align: justify;\">Libro monogr\u00e1fico \u201cLas Formas del Silencio. Antolog\u00eda cr\u00edtica (los a\u00f1os noventa). Enero 2005.<\/p>\n<hr \/>\n<h3 style=\"text-align: justify;\">THE CREATIVE DREAM OF JOS\u00c9 MANUEL CIRIA: THE FINAL INSTANT OF TRADITION<\/h3>\n<p style=\"text-align: justify;\"><strong>Mercedes Replinger<\/strong><\/p>\n<p>&nbsp;<\/p>\n<p style=\"text-align: justify;\">Modern art is the art of dreaming.<br \/>\nThe poet of dreaming is generally visual,<br \/>\nan aesthetic visual. Dreams are generally of sight.<br \/>\nAnd the \u201cpicture\u201d or \u201clandscape\u201d is essentially a<br \/>\ndream because it is static,<br \/>\ndenying the dynamic continuity of the outside world.<\/p>\n<p style=\"text-align: justify;\">Fernando Pessoa. On Literature and Art.<\/p>\n<p>&nbsp;<\/p>\n<p style=\"text-align: justify;\">The unrepeatable instant of the creative act, unique in its total integrity, and the repetition of tradition are the warp and weft of the paintings of Jos\u00e9 Manuel Ciria. The unique instant and infinite repetition, like the two sides of a work which wheels back on itself and spills over into multiple tensions, where languages and words, things and objects, the living and the dead, may last eternally, in the work of this artist, the dream which denies the dynamic continuity of the waking world. Ciria\u2019s paintings are the projection of the dream of a place where there is no beginning or end, where there are limits, but no start or finish. In the frozen surface of the painting, time stands still. Painting as a creative dream is always an awakening in another time, an awareness of another time that completely fills space, leaving no cracks for the continuous passing of events. In this painting, images play the same role as gravityless floating bodies do in dreams.<\/p>\n<p style=\"text-align: justify;\">As a matter of fact, this is quite logical, as authentic painting is always a dream, \u201ca successful dream, in other words, a dream that has entered reality\u2026 a design: a harbinger, fulfilling or seeking to fulfil a destiny\u201d(1). The enigma of painting that crystallises the ever-renewed desire of achieving its own original and substantial unity. In the silence of Ciria\u2019s paintings, we find this loyalty to an obsession that can only be perfectly fulfilled in the creative dream.<\/p>\n<p style=\"text-align: justify;\">The Dream of the Poem (1997). Tradition, reflecting itself mortally, like Narcissus, in a sole and final instant, not on the burnished surface of a mirror but in the tenebrous waters of the painting, broken and wrinkled, showing the folds of the instant that fatally conceals its own meaning. It could not be otherwise: the strange madness of Narcissus has always attracted the attention of Jos\u00e9 Manuel Ciria, an artist deeply linked to water as the matter of his pictorial imagination. Water, the redoubt of the poetic dream, is constantly present here.<\/p>\n<p style=\"text-align: justify;\">He has even found the perfect expression, \u201cWaterskin\u201d(2), to name the suite covering his production for 1993. Waterskin becomes the image of the Narcissus-artist, who, in the reflection of the spring, finds his real body made of \u201cmoon-flesh and dew\u201d(3). On the \u201cwaterskin\u201d, Narcissus finds tattooed the reflection of his own gaze, shown in that double game of clarity and opacity involved in the classical myth(4). Narcissus looks at himself in the water, says Bachelard, rather than a mirror, which is an excessively intellectualised and civilised instrument and, in any case, offers a stable reflection. \u201cIn order to dream deeply, we must dream of matter\u201d(5). Only living water can capture the mute presence of a questioning gaze seeking its own limit in the absolute silence of the pure act of contemplation.<\/p>\n<p style=\"text-align: justify;\">Illumination of the word by the image, so that writing is reduced to a furrow: a vacuum where painting expands to recover the act that engenders the original memory. Ciria\u2019s painting constantly underlines the wound of the word: the incapacity of language to own the world, objects, the visible, without imagining and dreaming another territory. For this reason, the word is transformed into vision. Ciria, because of this awareness of the primacy of the seen over the said, is fascinated by a myth, which, among other things, narrates how the word without images is condemned to death. Echo, disdained by Narcissus, becomes a rock and a cry in the depth of a valley, she is the word and the verb, but \u201cthis word can only live if it happily manages to satisfy its epicurean tension towards Narcissus. If the creative, liberating, erotic impulse is missing, she becomes mere stone. Narcissus, on the other hand, is the primitive image, the root of all figure and of all reflection\u201d (6). Obscure root of its substance, the word dies without the primitive reflection of the image.<\/p>\n<p style=\"text-align: justify;\">Memory of the Dream (1994). A portrait of time, the paint on the canvas signals the trajectory of the temporality of matter. Ciria, like an archaeologist, digs up the past of a memory that shows the different planes of sedimentation of the image. This painting, therefore, situates us before the problem of memory and the place from which it springs. Not all places have the same effect, the same efficacy in awakening memory, thus the necessary signals shown by Ciria in his work, paradoxically, to remember forgetting.<\/p>\n<p style=\"text-align: justify;\">The artist, it has already been said, annuls time and instead situates the origin of the world in the place where things simply happen. But to carry out this operation he must renounce memory. He had to forget, and merge with the nothing into Narcissus jumps. The etymology of Narcissus is Narke, the narcotic, inebriating perfume with which death aromatises the world. \u201cThe actor could understand reality, what was immune to the time beyond (the origin), if he could only free himself from the bonds&#8230; Therefore, before interrogating the goddess of Memory, the prophet and the poet drank from the fountain of Oblivion\u201d(7). What is it that Ciria ignores in order to persevere with painting as an authentic survival exercise? What path has he necessarily had to walk back to find the vivifying origin of Memory? Without a doubt, the time that corresponds to History, the lineal time that measures and classifies events; the successive time that marks the passage of the present with a deafening rhythm. Ciria paints outside the narration of the \u201ccurrent\u201d and eliminates the \u201cnow\u201d that boxes time into a perfectly drawn map.<\/p>\n<p style=\"text-align: justify;\">The Dream of the Gaze (1996). Ciria follows a precise method(8) of unremembering, where he observes himself forgetting: he contemplates the empty space left by oblivion to host something more urgent. Fluid which leads to oblivion and allows the poet, transformed after his shady journey to the dark waters, to become a new man. At this point, the myth of Narcissus merges with the myth of Orpheus. In the animus of this artist, looking is a journey, knowing that it is impossible to rescue Eurydice. Now \u201ceach one must obtain and enjoy other experiences during the journey\u201d(9). Against the visual domination of modern art that threatens to neutralise the passionate act of the gaze, Ciria proposes introspection, the gaze that dreams, in other words, the gaze that necessarily does not see and sparkles over the daily space of thought.<\/p>\n<p style=\"text-align: justify;\">In the night of poetry, the dreaming gaze must close its eyes and move in the dark. The sleeping gaze reaches further into the secret writing proposed by the work of art. The dream of the look reveals the world with a calm and deep stillness, aloof from convulsive movement or hurried gestures. John Berger says that painting, all painting, shows the same desire and the same wish: to leave a record, an announcement of \u201cI have seen this\u201d by the artist(10), who once more celebrates the enigma of visibility. Ciria follows this tradition, but his eyes, rather than seeing, darken in order to dream, to contemplate the mystery of things. The artist abandons the darkness of the cave to ascend from the entrails of immobile matter. There, crossing the universe of things that can be expressed, the gaze approaches another form of being and facing reality, showing the secret link that exists between the forms of the invisible and transformed matter.<\/p>\n<p style=\"text-align: justify;\">Dream of Venus (1998). The dream of the gaze that has completely shadowed the surface of the paint. Ciria believes that many will see this intention as \u201cpainting with a lantern in the dark\u201d. An electric metaphor that is perfectly natural in any reflection on the act of automatic painting. The night is precisely the ideal state for a collision, from the spark of which \u201cthe light of the images\u201d would be born, revealing in the intensity of the shadow all the beauty that \u201clives in the most beautiful of all nights, in the night crossed by a ray of lightning, the night of the lightning flashes. After such a night, day becomes night\u201d(11). An extraordinary encroachment of the spirit of the images, which in Ciria\u2019s painting show the sparks that he has gathered in his daring rise from the world of shadows into the light. The artist brings to the surface the illumination of a gesture capable of lighting the image that now becomes a petrified icon of profound reality.<\/p>\n<p style=\"text-align: justify;\">Eugenio Tr\u00edas says that painting is a game of the eyes, as every image is an icon that takes hold of the viewer with its expressive power to paralyse and astound him \u201cas if he had been captured and bewitched by the gaze of Medusa or by the misterium fascinans of the icon watching him, looking at him, detaining and fixing him, in full ex-statico bewilderment, with no option of movement. The watcher stops\u2026 arrested by the enchantment of the image. This image has the power, as it is always the image which looks, through eyes which, from the centre of the painting, order and classify what is offered on view\u201d(12). Literally, Ciria constructs paintings that are a programme and a crystalline object of his intentions. The painting looks at us, binds us with its enchantment. From the battered centre of a painting that does not avoid showing its wounds and renounces neither the fragment, nor the desire to see its original unity fulfilled, eyes contemplate us and fold our gaze into its inside. The dream of Venus, of Eros transfiguring the world is, in reality, the dream of Medusa trapping the terrified gaze of those who see the power of the first images.<\/p>\n<p>&nbsp;<\/p>\n<hr \/>\n<p>&nbsp;<\/p>\n<p style=\"text-align: justify;\">1.Mar\u00eda Zambrano: Sue\u00f1o y Destino de la pintura, in Algunos lugares de la Pintura. Madrid, Acanto, 1989.<\/p>\n<p style=\"text-align: justify;\">2.Jos\u00e9 Manuel Ciria. Piel de agua. San Sebasti\u00e1n, Altxerri Gallery, September-October 1993.<\/p>\n<p style=\"text-align: justify;\">3.Paul Val\u00e9ry: Narcisse Parle (1881) in Oeuvres I. Paris, Editions Gallimard, 1957. Page 82.<\/p>\n<p style=\"text-align: justify;\">4.Franco Rella: Metamorfosis. Im\u00e1genes del pensamiento. Madrid, Espasa. 1989. Page 142.<\/p>\n<p style=\"text-align: justify;\">5.Gaston Bachelard: Water and Dreams (1942). Trans. Pub. Mexico, FCE, 1978.<\/p>\n<p style=\"text-align: justify;\">6.Ignacio G\u00f3mez de Lia\u00f1o: Mi tiempo. Madrid, Ediciones Libertarias, 1984. Page 252.<\/p>\n<p style=\"text-align: justify;\">7.Pedro Azara: La imagen y el olvido. El arte como enga\u00f1o en la filosof\u00eda de Plat\u00f3n. Madrid, Siruela, 1995. Page 212.<\/p>\n<p>8.\u201cSeeking the Forgotten\u201d Paul Val\u00e9ry: Etudes philosophiques in Oeuvres I. Op.cit. page 933.<\/p>\n<p style=\"text-align: justify;\">9.Jos\u00e9 Manuel Ciria: Ideas de paso en Jos\u00e9 Manuel Ciria. Between Memory and Vision. Adriana Schmidt Gallery, Stuttgart, 1994.<\/p>\n<p style=\"text-align: justify;\">10.John Berger: Algunos pasos hacia una peque\u00f1a teor\u00eda de lo visible. Madrid, Ediciones Ardora, 1997.<\/p>\n<p style=\"text-align: justify;\">11.Andr\u00e9 Breton: Primer Manifiesto del Surrealismo (1924) en Manifiestos del Surrealismo. Barcelona, ed. Labor, 1992. p\u00e1g. 58-59.<\/p>\n<p style=\"text-align: justify;\">12.Eugenio Tr\u00edas: L\u00f3gica del l\u00edmite. Barcelona, Ensayos Destino, 1991. P\u00e1g. 138.<\/p>\n<p>&nbsp;<\/p>\n<hr \/>\n<p>&nbsp;<\/p>\n","protected":false},"excerpt":{"rendered":"<p>Libro monogr\u00e1fico \u201cLas Formas del Silencio. Antolog\u00eda cr\u00edtica (los a\u00f1os noventa). Enero 2005. THE CREATIVE DREAM OF JOS\u00c9 MANUEL CIRIA: THE FINAL INSTANT OF TRADITION Mercedes Replinger &nbsp; Modern art is the art of dreaming. The poet of dreaming is generally visual, an aesthetic visual&#8230;.<\/p>\n","protected":false},"author":2,"featured_media":0,"parent":0,"menu_order":0,"comment_status":"closed","ping_status":"closed","template":"","meta":[],"_links":{"self":[{"href":"http:\/\/joseciria.com\/english\/wp-json\/wp\/v2\/pages\/8687"}],"collection":[{"href":"http:\/\/joseciria.com\/english\/wp-json\/wp\/v2\/pages"}],"about":[{"href":"http:\/\/joseciria.com\/english\/wp-json\/wp\/v2\/types\/page"}],"author":[{"embeddable":true,"href":"http:\/\/joseciria.com\/english\/wp-json\/wp\/v2\/users\/2"}],"replies":[{"embeddable":true,"href":"http:\/\/joseciria.com\/english\/wp-json\/wp\/v2\/comments?post=8687"}],"version-history":[{"count":5,"href":"http:\/\/joseciria.com\/english\/wp-json\/wp\/v2\/pages\/8687\/revisions"}],"predecessor-version":[{"id":11306,"href":"http:\/\/joseciria.com\/english\/wp-json\/wp\/v2\/pages\/8687\/revisions\/11306"}],"wp:attachment":[{"href":"http:\/\/joseciria.com\/english\/wp-json\/wp\/v2\/media?parent=8687"}],"curies":[{"name":"wp","href":"https:\/\/api.w.org\/{rel}","templated":true}]}}