{"id":8683,"date":"2015-12-02T11:42:18","date_gmt":"2015-12-02T11:42:18","guid":{"rendered":"http:\/\/joseciria.com\/?page_id=8683"},"modified":"2016-04-04T09:34:27","modified_gmt":"2016-04-04T09:34:27","slug":"juan-manuel-bonet","status":"publish","type":"page","link":"http:\/\/joseciria.com\/english\/juan-manuel-bonet\/","title":{"rendered":"Juan Manuel Bonet. 2005 en"},"content":{"rendered":"<p style=\"text-align: justify;\">Libro monogr\u00e1fico \u201cLas Formas del Silencio. Antolog\u00eda cr\u00edtica (los a\u00f1os noventa). Enero 2005<\/p>\n<hr \/>\n<h3 style=\"text-align: justify;\">PAINTING, SINGULAR<\/h3>\n<p style=\"text-align: justify;\"><strong>Juan Manuel Bonet<\/strong><\/p>\n<p>&nbsp;<\/p>\n<p style=\"text-align: justify;\">It is now almost 20 years since the magic eighties of Madrid, with their high hopes, their pictorial euphoria and the passion that surrounded the visits of Robert Motherwell and Marcein Pleynet, the Matisse exhibition at the Juan March Foundation, the MOMA centenary at the Spanish Museum of Contemporary Art, Jos\u00e9 Guerrero\u00b4s ministerial retrospective at the Palacio de las Alhajas, the first major individual exhibitions of Broto, Campano, Albacete and Sicilia, the 1980 and Madrid. D.F. group exhibitions\u2026 The dawn of a new era, a splendid, unrepeatable time, a time of particular intensity in many cultural spheres, a reconstruction of which has been attempted on many an occasion.<\/p>\n<p style=\"text-align: justify;\">Just before the eighties, when most of the \u201cyoung\u201d or \u201ccurrent\u201d studios in Madrid and Barcelona were still dominated by programmes, dogma and certainties, it was fashionable to use a redundant or tautological term \u2013 painting-painting.<\/p>\n<p style=\"text-align: justify;\">Looking at the work of Jos\u00e9 Manuel Ciria, a painter who arrived on the scene in the second half of the eighties and who now, at thirty eight, is one of the best abstract painters of the nineties, I often think of that redundant, tautological term of the late seventies. Nowadays, the term \u201cpainting\u201d, in the singular, is enough. Painting. \u201cThe Possibilities of Painting\u201d, by Juan Gris. Painting, always starting over, like Paul Val\u00e9ry\u2019s sea. Pure painting. \u201cPainting and its enemies\u201d also: some people will always be allergic to art. However, leaving aside the former reliance on dogma, on the programme, the intention is still fairly similar to what fired the leading figures of the seventies revival. When all is said and done, they are joined by an invisible thread to their heirs, the \u201cend-of-century lyricists\u201d, collected by Santos Amestoy and annotated by Enrique Andr\u00e9s Ruiz, two critic-poets, just as they had been joined by another thread to their fifties predecessors, or to the transitional figure of Jordi Teixidor. Painting in the singular, then. Personal and non-transferable: painting, simply painting, no adjectives attached.<\/p>\n<p style=\"text-align: justify;\">Ciria, and this is only a superficial contradiction, frequently leans on other cultural references. Painting in the singular, without adjectives, but for this very reason open to other world experiences and, above all, other ways of relating the world\u2019s mysteries. External references, not necessarily pictorial. A Twomblyan openness.<\/p>\n<p style=\"text-align: justify;\">This productive Rome-New York tension \u2013 or Venice-New York tension, as Philippe Sollers proposed in the 1980s &#8211; is the key for those of us who, contrary to the dogmatists or extremists of one or other side, understand that tradition and avant-garde are not opposite, but complementary terms.<\/p>\n<p style=\"text-align: justify;\">In Manhattan, some years ago, there was a time when we thought that the geometry, the orthoganality which astound and impress each time, just like the first time, were going to dominate over all other \u201cingredients\u201d in Ciria\u2019s work\u201d. Experimental Geometry was the title of a 1992 series. Later, his grids and squares, part minimalist, part Mondrianesque (Mondrian had become an adopted New Yorker by the end of his life), seemed poised to take the lead role in an art that was increasingly pared down, increasingly \u201cJapanese\u201d. But time proved otherwise, and showed that geometry and minimalism were, in this case, simply background music, a backcloth against which to continue to develop a more complex project, capable of taking contradictions on board in a creative manner. He reticulates and blots \u2013 this is the short and acute formula used by Antonio Garc\u00eda-Berrio and Mercedes Replinger to sum up the artist\u2019s work, in their exemplary and definitive monographic recently devoted to the painter. Ciria too seemed to allude to this idea, naming one of his 1997 paintings Poema sobre un campo geom\u00e9trico blando (Poem on a Soft Geometric Field).<\/p>\n<p style=\"text-align: justify;\">Geometry, and an essential space of our lives: the window. One of Ciria\u2019s recent canvasses is explicitly entitled Ventana habitada (Inhabited Window). Its neighbouring paintings also show, behind threatening red and white blots, the vertical, rectangular profile of these small spaces through which we greet the world each morning. A space so often approached throughout the history of art by painters from the most widely differing schools, holders of the most diverse poetic visions.<\/p>\n<p style=\"text-align: justify;\">Matter. Beyond any doubt this is one of the central axes around which a certain Spanish style of the fifties, with T\u00e0pies as its main proponent, at times almost obsessively revolved. Its memory comes up time and time again in recent Spanish painting. It has always featured in the work of Ciria, the extent varying in accordance with each period. Nowadays it is becoming deliberately more visible by means of the collage procedure, part of the modern canon if ever there was one &#8211; the incorporation of wood, cardboard, wallpaper pieces \u2013 as used in the 1996 painting The Potato Cutter -, sewing patterns used as maps of a domestic sky, a poster of Maria Viv\u00f3 in Carmen, wires \u2013their shadows paradoxically drawn in &#8211; and, once again, the classic truck tarpaulins that Ciria has used so effectively in some of his most impressive works.<\/p>\n<p style=\"text-align: justify;\">Grey, the colour of melancholy and of ashes, the colour par excellence of the symbolist poets, used as a pseudonym by Jos\u00e9 Victoriano Gonz\u00e1lez (\u201cJuan Gris\u201d). Grey, a luminous grey, is Jos\u00e9 Manuel Ciria\u2019s supreme colour, more than ochre, yellow, black, dun or red. Poema gris (Grey Poem) is the name of one of his most striking large-format paintings, from the 1995 Masks of the Gaze suite.<\/p>\n<p style=\"text-align: justify;\">In Memory of my Feelings, a lovely title from the Motherwellian Frank O\u00b4Hara, the best poet of the New York School and a good friend and accomplice to its painters. In some of his most recent paintings and as part of a beautiful series based on the three m\u00b4s, Memoria, momento y muro, -\u201cmuro\u201d (the wall) is, of course, T\u00e0pies, but also Brassa\u00ef, one of the leading lights of the Catalan school, and, further back in time, the Quevedoesque walls of the fatherland-, Ciria, who in 1994 composed a series under the generic title Mnemosyne, draws in trembling, faltering lines the silhouette of a tricycle, a vehicle which, he has told me, is emblematic of his English childhood, complete with nanny. From that past moment, the salvaged instant glimpsed in the flow of the paint itself, he embarks on a journey back to his roots, the origins of his existence, the life of a Spaniard born far away in industrial Manchester. This drawing of childhood reminiscences \u2013the painter\u2019s earliest memory, but now also, I imagine, the memories of a son beginning his own journey through life-, is like a melody. This drawing, as a talisman of the remembrance of the painter\u2019s own feelings, accommodated in this integrating project, where orthogonality co-exists peacefully with Memory of the Dream, the name of one of his 1994 paintings, hung near another called, in neighbourly spirit, The Spirit of Memory.<\/p>\n<p style=\"text-align: justify;\">Out of all these new paintings, which we can view at the Salvador D\u00edaz Gallery in Madrid, and which I have just seen in the painter\u2019s austere but packed studio in the part of Madrid clinging to the Barcelona motorway \u2013anonymous corridors of offices of various sorts, ceilings higher than one would expect judging by the corridors, a scrap-filled yard that seems to await the next Caesar or John Chamberlain, Mar\u00eda Callas playing at top volume in the studio-, out of all these new paintings, one in particular struck me as special: War Watcher, a monumental cascade of paint in whites, blacks and greys, \u201cOut of shadow, light\u201d. A heroic painting, in the sense imbued into the word by some of our favourite American heroes &#8211; the Mondrianesque Rothko, the surly Clifford Still and above all Barnett Newman, the author of Vir Heroicus Sublimis, of Achilles, of Ulysses. A painting which, once again, takes shape against a background of geometry and architecture. There are precedents: Waterskin, as he entitled one celebrated suite and his 1993 individual exhibition in the Galer\u00eda Altxerri of San Sebasti\u00e1n, and in this more recent production, another huge piece, Water Mirror. Branches, too, tree-like forms, proliferating leafiness. The gesturalism and automatism are consistent with an order; they dialogue with the square, the form used by the artist again and again as if it were ruled paper. This also explains Ciria\u2019s participation in the 1994 three-way exhibition held in the Palacio de Vel\u00e1zquez with a painting bearing the double dedication Gesture and Order. This work is initially about war, against war, recalling his 1993 triptych Warriors. But the real battle, the all-out battle, as we can plainly see, is the \u201cbattle of the painting\u201d, to use a term popular in Sauresque discourse since the mid-fifties. A battle that begins anew each day in this paint-saturated studio. A passionate battle, the outcome of which, paradoxically, may be an enormous feeling of surrender, calm and stillness, a feeling which inevitably recalls Manuel Aza\u00f1a\u2019s memorable phrase: \u201cPeace, pity, pardon\u201d.<\/p>\n<p style=\"text-align: justify;\">War Watcher. A painting which overwhelms by its mere presence, tempting one to compose not a critical text, but a poem, an action poem and a meditative poem at the same time, the textual, conspiratorial equivalent, Frank O\u00b4Hara style, of its sovereign presence. A painting which stands as a new milestone in the development of this nineties painter. An emblematic painting, a fixed star, to which I suspect we will return more than once, in memory.<\/p>\n<p>&nbsp;<\/p>\n<hr \/>\n<p>&nbsp;<\/p>\n","protected":false},"excerpt":{"rendered":"<p>Libro monogr\u00e1fico \u201cLas Formas del Silencio. Antolog\u00eda cr\u00edtica (los a\u00f1os noventa). Enero 2005 PAINTING, SINGULAR Juan Manuel Bonet &nbsp; It is now almost 20 years since the magic eighties of Madrid, with their high hopes, their pictorial euphoria and the passion that surrounded the visits&#8230;<\/p>\n","protected":false},"author":2,"featured_media":0,"parent":0,"menu_order":0,"comment_status":"closed","ping_status":"closed","template":"","meta":[],"_links":{"self":[{"href":"http:\/\/joseciria.com\/english\/wp-json\/wp\/v2\/pages\/8683"}],"collection":[{"href":"http:\/\/joseciria.com\/english\/wp-json\/wp\/v2\/pages"}],"about":[{"href":"http:\/\/joseciria.com\/english\/wp-json\/wp\/v2\/types\/page"}],"author":[{"embeddable":true,"href":"http:\/\/joseciria.com\/english\/wp-json\/wp\/v2\/users\/2"}],"replies":[{"embeddable":true,"href":"http:\/\/joseciria.com\/english\/wp-json\/wp\/v2\/comments?post=8683"}],"version-history":[{"count":4,"href":"http:\/\/joseciria.com\/english\/wp-json\/wp\/v2\/pages\/8683\/revisions"}],"predecessor-version":[{"id":11304,"href":"http:\/\/joseciria.com\/english\/wp-json\/wp\/v2\/pages\/8683\/revisions\/11304"}],"wp:attachment":[{"href":"http:\/\/joseciria.com\/english\/wp-json\/wp\/v2\/media?parent=8683"}],"curies":[{"name":"wp","href":"https:\/\/api.w.org\/{rel}","templated":true}]}}