{"id":10946,"date":"2016-01-26T11:23:58","date_gmt":"2016-01-26T11:23:58","guid":{"rendered":"http:\/\/joseciria.com\/english\/?page_id=10946"},"modified":"2017-02-28T11:28:31","modified_gmt":"2017-02-28T11:28:31","slug":"artists-text","status":"publish","type":"page","link":"http:\/\/joseciria.com\/english\/artists-text\/","title":{"rendered":"ARTIST&#8217;S TEXT"},"content":{"rendered":"<h2>2014<\/h2>\n<p>Essay from the catalog \u201cLas puertas de Uaset\u201d. Tabacalera \u2013 Arts Promotion Center, Ministry of Culture, Madrid.  December 2014<\/p>\n<h3 style=\"text-align: justify;\">POSSIBLE ANOMALIES: GUIDELINES FOR APPROACHING THE WORK <\/h3>\n<h4 class=\"p3\"><strong>Jos\u00e9 Manuel Ciria<\/strong><\/h4>\n<p><span style=\"color: #ff0000;\"><a style=\"color: #ff0000;\" href=\"http:\/\/joseciria.com\/english\/possible-anomalies\/\" target=\"_blank\">VER TEXTO<\/a><\/span><\/p>\n<hr \/>\n<h4><\/h4>\n<h2><\/h2>\n<h2>2008<\/h2>\n<p>Essay from the catalog \u201cBox of Mental States\u201d. Art Rouge Gallery, Miami. November 2008<\/p>\n<h3 style=\"text-align: justify;\">THE ABSENT HAND<\/h3>\n<h4 class=\"p3\"><strong>Jos\u00e9 Manuel Ciria<\/strong><\/h4>\n<p><span style=\"color: #ff0000;\"><a style=\"color: #ff0000;\" href=\"http:\/\/joseciria.com\/english\/box-of-mental-states-2\/\" target=\"_blank\">VER TEXTO<\/a><\/span><\/p>\n<hr \/>\n<h4><\/h4>\n<h2>2005<\/h2>\n<p>Monographic book \u201cLas Formas del Silencio. Antolog\u00eda cr\u00edtica (los a\u00f1os noventa). January 2005<\/p>\n<h3 style=\"text-align: justify;\">MNEMOSYNE AND EPHEMERALITY<\/h3>\n<h4 class=\"p3\"><strong>Jos\u00e9 Manuel Ciria<\/strong><\/h4>\n<p><span style=\"color: #ff0000;\"><a style=\"color: #ff0000;\" href=\"http:\/\/joseciria.com\/english\/las-formas-del-silencio\/\" target=\"_blank\">VER TEXTO<\/a><\/span><\/p>\n<hr \/>\n<h4><\/h4>\n<h2>2004<\/h2>\n<p>Essay from the catalog \u201cMancha y Construcci\u00f3n\u201d. State Museum Tretyakov Gallery, Moscow (Russia). May 2004<\/p>\n<h3>SEVENTEEN DAYS IN RUSSIA<\/h3>\n<h4 class=\"p3\"><strong>Jos\u00e9 Manuel Ciria<\/strong><\/h4>\n<p><span style=\"color: #ff0000;\"><a style=\"color: #ff0000;\" href=\"http:\/\/joseciria.com\/english\/mancha-y-construccion\/\" target=\"_blank\">VER TEXTO<\/a><\/span><\/p>\n<hr \/>\n<h4><\/h4>\n","protected":false},"excerpt":{"rendered":"<p>2014 Essay from the catalog \u201cLas puertas de Uaset\u201d. Tabacalera \u2013 Arts Promotion Center, Ministry of Culture, Madrid. December 2014 POSSIBLE ANOMALIES: GUIDELINES FOR APPROACHING THE WORK Jos\u00e9 Manuel Ciria VER TEXTO 2008 Essay from the catalog \u201cBox of Mental States\u201d. Art Rouge Gallery, Miami&#8230;.<\/p>\n","protected":false},"author":1,"featured_media":0,"parent":0,"menu_order":0,"comment_status":"closed","ping_status":"closed","template":"","meta":[],"_links":{"self":[{"href":"http:\/\/joseciria.com\/english\/wp-json\/wp\/v2\/pages\/10946"}],"collection":[{"href":"http:\/\/joseciria.com\/english\/wp-json\/wp\/v2\/pages"}],"about":[{"href":"http:\/\/joseciria.com\/english\/wp-json\/wp\/v2\/types\/page"}],"author":[{"embeddable":true,"href":"http:\/\/joseciria.com\/english\/wp-json\/wp\/v2\/users\/1"}],"replies":[{"embeddable":true,"href":"http:\/\/joseciria.com\/english\/wp-json\/wp\/v2\/comments?post=10946"}],"version-history":[{"count":10,"href":"http:\/\/joseciria.com\/english\/wp-json\/wp\/v2\/pages\/10946\/revisions"}],"predecessor-version":[{"id":11417,"href":"http:\/\/joseciria.com\/english\/wp-json\/wp\/v2\/pages\/10946\/revisions\/11417"}],"wp:attachment":[{"href":"http:\/\/joseciria.com\/english\/wp-json\/wp\/v2\/media?parent=10946"}],"curies":[{"name":"wp","href":"https:\/\/api.w.org\/{rel}","templated":true}]}}