{"id":10422,"date":"2015-12-30T07:07:02","date_gmt":"2015-12-30T07:07:02","guid":{"rendered":"http:\/\/joseciria.com\/english\/?page_id=10422"},"modified":"2017-02-28T11:13:05","modified_gmt":"2017-02-28T11:13:05","slug":"biography","status":"publish","type":"page","link":"http:\/\/joseciria.com\/english\/biography\/","title":{"rendered":"BIOGRAPHY"},"content":{"rendered":"<h2>JOS\u00c9 MANUEL CIRIA, MANCHESTER, 1960<\/h2>\n<p>&nbsp;<\/p>\n<p class=\"p1\" style=\"text-align: justify;\"><span class=\"s1\"><img loading=\"lazy\" class=\"size-full wp-image-10961 alignright\" src=\"http:\/\/joseciria.com\/english\/wp-content\/uploads\/2015\/12\/jose.jpg\" alt=\"jose\" width=\"300\" height=\"300\" srcset=\"http:\/\/joseciria.com\/english\/wp-content\/uploads\/2015\/12\/jose.jpg 300w, http:\/\/joseciria.com\/english\/wp-content\/uploads\/2015\/12\/jose-150x150.jpg 150w\" sizes=\"(max-width: 300px) 100vw, 300px\" \/>Jos\u00e9 Manuel Ciria is one of the most outstanding artists of his generation and a key figure in the heterogeneous panorama of Spanish painting of the last three decades. Since 1984 when he had his first solo show at the Ferri\u00e8re gallery in Paris, Ciria has developed a broad career and has been honored with numerous awards and exhibitions. In recent years, he has gained wide international recognition through solo exhibitions in the Herzliya Contemporary Art Museum in Tel Aviv, Israel (2002), the Tretyakov State Gallery in Moscow, Russia (2004), the Polish National Museum of Poland, Warsaw (2004), the Museo de Arte Abstracto Manuel Felgu\u00e9rez in Zacatecas Mexico (2005), the PasquArt Kunsthalle Art Center Museum in Bern, Switzerland (2005), the Museo de Arte Contempor\u00e1neo Ateneo de Yucat\u00e1n in M\u00e9rida, Mexico (2006), the Museo Nacional de Bellas Artes de Buenos Aires, Argentina (2007), the Museo de Arte Contempor\u00e1neo, Santiago de Chile (2009) and the Instituto Valenciano de Arte Moderno (IVAM) (2010), among many other museum venues.<\/span><\/p>\n<p>&nbsp;<\/p>\n<p class=\"p1\" style=\"text-align: justify;\">\n<p class=\"p1\" style=\"text-align: justify;\"><span class=\"s1\">After his early period involved with expressionistic figuration, in the early nineties Jos\u00e9 Manuel Ciria stabilized his defining abstract poetic program, which was the dialogue between the uncontrolled flow of the stain and the rigor of geometry, and which constituted a critical redefinition of the two fundamental tools of abstract aesthetics of the 20th century. However, the artist&#8217;s interest in the diversity of iconographic registers as well as his tireless experimentation in the terrain of materials and supports would soon be added to that initial program. Out of the combination of all possibilities, and fed by a strong conceptual model, during the nineties Jos\u00e9 Manuel Ciria created numerous series whose main thematic axes were time and memory.<\/span><\/p>\n<p>&nbsp;<\/p>\n<p class=\"p1\" style=\"text-align: justify;\">\n<p class=\"p1\" style=\"text-align: justify;\"><span class=\"s1\">The new period Ciria initiated in New York in late 2005 was a new point of departure in his work that signaled a process of cooling down in his painting process using the recovery of line as a compositional armature and subsequently stabilizing an ambiguous iconography at a midway point between figuration and abstraction. In his most recent work, the artist is recovering and intensifying the two extremes of his abstract vocabulary; the stain is becoming more free, intense and dramatic, while the constructive rigor of the geometry of the ground is becoming more accentuated.<\/span><\/p>\n<p>&nbsp;<\/p>\n<p class=\"p1\" style=\"text-align: justify;\">\n<p class=\"p1\" style=\"text-align: justify;\"><span class=\"s1\">In regards to Ciria&#8217;s work, the influential American critic Donald Kuspit has said, \u201cI would venture to say that Jos\u00e9 Manuel Ciria is a great painter. And by that I mean that he&#8217;s got complete command of his medium and his tools; paint and both the gestural and the geometric vocabulary of modernist abstraction&#8230; We can clearly see a strong element of fantasy in Ciria&#8217;s paintings, as his figures show. Perhaps he could be called an abstract illusionist, in the sense that he creates fantastic figures out of abstract elements, which are usually gestural planes that appear to be in constant movement that thus suggest a figure in the midst of a metaphoric process.\u201d<\/span><\/p>\n<p>&nbsp;<\/p>\n<p class=\"p1\" style=\"text-align: justify;\">\n<p class=\"p1\" style=\"text-align: justify;\"><span class=\"s1\">Jos\u00e9 Manuel Ciria was born on February 3 ,1960 in Manchester of Spanish parents (Santiago and Gloria), and he stayed in England until he was eight years old when his parents decided to return to Madrid. When he was still a child, Ciria began to show a gift for drawing and painting and after attending several schools and workshops at the C\u00edrculo de Bellas Artes, he entered the Fine Arts Department at the university in Madrid. In his second year at university, Ciria decided to leave school and study on his own. He was awarded the Paris Grant by the Ministry of Culture in 1994 and the Rome Grant by the Ministry of Foreign Affairs in 1995. And he was awarded a grant by the Israeli Ministry of Culture and Science in 2001 to prepare two museum exhibitions in Tel Aviv.<\/span><\/p>\n<p>&nbsp;<\/p>\n<p class=\"p1\" style=\"text-align: justify;\">\n<p class=\"p1\" style=\"text-align: justify;\"><span class=\"s1\">Throughout his professional career Ciria has also been awarded numerous prizes, including the 23rd City of Alcal\u00e1 Prize, Alcal\u00e1 de Henares, Spain, the Pl\u00e1stica Contempor\u00e1nea prize Vitoria-Gasteiz, Vitoria, Spain, the 3rd International Painting Competition, Fundaci\u00f3n Barcel\u00f3, Palma de Mallorca, the 13th \u201cCiudad de Alcorc\u00f3n\u201d National Competition, Madrid, the 5th Cairo Biennial, (First Prize Gold Medal International Jury), the First Biennial Art Exhibition of Alcoi, Spain, the 5th Iberdrola-UEX National Painting Competition, C\u00e1ceres, Spain, the 4th Centenary National Painting Prize, College of Lawyers of Madrid, the 6th National Drawing Competition, Fundaci\u00f3n Gregorio Prieto, Valdepe\u00f1as, Spain, the Autumn Painting Salon, Royal Academy of Fine Art of Galicia, La Coru\u00f1a, Spain, the 24th National Competition, Caja de Madrid, and the 14th National Painting Prize. The City council of Azuqueca de Henares, Guadalajara, Spain, the 2nd International Triennial of Graphic Art of Cairo, (First Prize International Jury), the 11th Autumn Painting Salon of Caja de Extremadura, Plasencia, Spain, the LXVI Autumn Salon, Asociaci\u00f3n Espa\u00f1ola de Pintores y Escultores, Madrid, (\u00abReina Sof\u00eda\u00bb Prize for Extraordinary Achievement), the 2nd Rafael Bot\u00ed Art Biennial, C\u00f3rdoba, Spain, the 60th National Exhibition of Fine Arts of Valdepe\u00f1as, Spain, (First Prize \u2013 First Exhibition Medal), the 6th Uni\u00f3n Fenosa Exhibition, La Coru\u00f1a, Spain, the 1st Painting Competition, Fundaci\u00f3n Nicomedes Garc\u00eda G\u00f3mez, Segovia,Spain, the National Etching Prize, Museo del Grabado Espa\u00f1ol Contempor\u00e1neo (MGEC), Marbella, Spain, and the Wallpaper Magazine, (First International Prize for the Best Church Decoration).<\/span><\/p>\n<p class=\"p1\" style=\"text-align: justify;\">\n<p>&nbsp;<\/p>\n","protected":false},"excerpt":{"rendered":"<p>JOS\u00c9 MANUEL CIRIA, MANCHESTER, 1960 &nbsp; Jos\u00e9 Manuel Ciria is one of the most outstanding artists of his generation and a key figure in the heterogeneous panorama of Spanish painting of the last three decades. Since 1984 when he had his first solo show at&#8230;<\/p>\n","protected":false},"author":1,"featured_media":0,"parent":0,"menu_order":0,"comment_status":"closed","ping_status":"closed","template":"","meta":[],"_links":{"self":[{"href":"http:\/\/joseciria.com\/english\/wp-json\/wp\/v2\/pages\/10422"}],"collection":[{"href":"http:\/\/joseciria.com\/english\/wp-json\/wp\/v2\/pages"}],"about":[{"href":"http:\/\/joseciria.com\/english\/wp-json\/wp\/v2\/types\/page"}],"author":[{"embeddable":true,"href":"http:\/\/joseciria.com\/english\/wp-json\/wp\/v2\/users\/1"}],"replies":[{"embeddable":true,"href":"http:\/\/joseciria.com\/english\/wp-json\/wp\/v2\/comments?post=10422"}],"version-history":[{"count":10,"href":"http:\/\/joseciria.com\/english\/wp-json\/wp\/v2\/pages\/10422\/revisions"}],"predecessor-version":[{"id":11414,"href":"http:\/\/joseciria.com\/english\/wp-json\/wp\/v2\/pages\/10422\/revisions\/11414"}],"wp:attachment":[{"href":"http:\/\/joseciria.com\/english\/wp-json\/wp\/v2\/media?parent=10422"}],"curies":[{"name":"wp","href":"https:\/\/api.w.org\/{rel}","templated":true}]}}